{"id":88,"date":"2026-01-09T14:51:25","date_gmt":"2026-01-09T14:51:25","guid":{"rendered":"https:\/\/antigravity.net.br\/?post_type=product&#038;p=88"},"modified":"2026-01-09T14:51:25","modified_gmt":"2026-01-09T14:51:25","slug":"antigravity-a1","status":"publish","type":"product","link":"https:\/\/antigravity.net.br\/?product=antigravity-a1","title":{"rendered":"Antigravity\u00b9  A1 &#8211; 8K 360\u00b0"},"content":{"rendered":"<h1 data-start=\"284\" data-end=\"340\">\ud83d\ude80 <strong data-start=\"289\" data-end=\"340\">Antigravity A1 \u2014 O Primeiro Drone 360\u00b0 do Mundo<\/strong><\/h1>\n<h2 data-start=\"342\" data-end=\"373\">\ud83c\udfa5 Captura de Imagem e V\u00eddeo<\/h2>\n<p data-start=\"375\" data-end=\"404\">\ud83d\udccd <strong data-start=\"378\" data-end=\"402\">V\u00eddeo 360\u00b0 em at\u00e9 8K<\/strong><\/p>\n<ul data-start=\"405\" data-end=\"641\">\n<li data-start=\"405\" data-end=\"511\">\n<p data-start=\"407\" data-end=\"511\">Grava\u00e7\u00e3o esf\u00e9rica completa em 360\u00b0 com resolu\u00e7\u00e3o <strong data-start=\"456\" data-end=\"470\">8K @ 30fps<\/strong>.<\/p>\n<\/li>\n<li data-start=\"512\" data-end=\"641\">\n<p data-start=\"514\" data-end=\"641\">Tamb\u00e9m suporta <strong data-start=\"529\" data-end=\"545\">5.2K @ 60fps<\/strong> e <strong data-start=\"548\" data-end=\"563\">4K @ 100fps<\/strong> para diferentes necessidades de edi\u00e7\u00e3o.<\/p>\n<\/li>\n<\/ul>\n<p data-start=\"643\" data-end=\"686\">\ud83d\udcf7 <strong data-start=\"646\" data-end=\"684\">Fotos panor\u00e2micas e alta resolu\u00e7\u00e3o<\/strong><\/p>\n<ul data-start=\"687\" data-end=\"768\">\n<li data-start=\"687\" data-end=\"768\">\n<p data-start=\"689\" data-end=\"768\">Imagens em at\u00e9 <strong data-start=\"704\" data-end=\"713\">55 MP<\/strong> em formato 360\u00b0.<\/p>\n<\/li>\n<\/ul>\n<p data-start=\"770\" data-end=\"797\">\ud83c\udfac <strong data-start=\"773\" data-end=\"795\">Reframing avan\u00e7ado<\/strong><\/p>\n<ul data-start=\"798\" data-end=\"907\">\n<li data-start=\"798\" data-end=\"907\">\n<p data-start=\"800\" data-end=\"907\">Permite <strong data-start=\"808\" data-end=\"858\">capturar tudo e decidir o enquadramento depois<\/strong> na edi\u00e7\u00e3o.<\/p>\n<\/li>\n<\/ul>\n<p data-start=\"909\" data-end=\"937\">\ud83d\udcc1 <strong data-start=\"912\" data-end=\"935\">Formatos de arquivo<\/strong><\/p>\n<ul data-start=\"938\" data-end=\"1047\">\n<li data-start=\"938\" data-end=\"1047\">\n<p data-start=\"940\" data-end=\"1047\">V\u00eddeos em <strong data-start=\"950\" data-end=\"958\">INSV<\/strong>, fotos em <strong data-start=\"969\" data-end=\"977\">INSP<\/strong> (usado pela su\u00edte Antigravity).<\/p>\n<\/li>\n<\/ul>\n<hr data-start=\"1049\" data-end=\"1052\" \/>\n<h2 data-start=\"1054\" data-end=\"1082\">\ud83d\udee9\ufe0f Especifica\u00e7\u00f5es de Voo<\/h2>\n<p data-start=\"1084\" data-end=\"1109\">\u2696\ufe0f <strong data-start=\"1087\" data-end=\"1107\">Peso ultra-leve:<\/strong><\/p>\n<ul data-start=\"1110\" data-end=\"1228\">\n<li data-start=\"1110\" data-end=\"1228\">\n<p data-start=\"1112\" data-end=\"1228\">~<strong data-start=\"1113\" data-end=\"1122\">249 g<\/strong> com bateria padr\u00e3o \u2014 abaixo do limite de registro em muitos pa\u00edses.<\/p>\n<\/li>\n<\/ul>\n<p data-start=\"1230\" data-end=\"1249\">\ud83d\udccf <strong data-start=\"1233\" data-end=\"1247\">Dimens\u00f5es:<\/strong><\/p>\n<ul data-start=\"1250\" data-end=\"1355\">\n<li data-start=\"1250\" data-end=\"1284\">\n<p data-start=\"1252\" data-end=\"1284\"><strong data-start=\"1252\" data-end=\"1264\">Plegado:<\/strong> ~141 \u00d7 96 \u00d7 81 mm<\/p>\n<\/li>\n<li data-start=\"1285\" data-end=\"1355\">\n<p data-start=\"1287\" data-end=\"1355\"><strong data-start=\"1287\" data-end=\"1298\">Aberto:<\/strong> ~308 \u00d7 382 \u00d7 89 mm<\/p>\n<\/li>\n<\/ul>\n<p data-start=\"1357\" data-end=\"1379\">\ud83d\udd0b <strong data-start=\"1360\" data-end=\"1377\">Tempo de voo:<\/strong><\/p>\n<ul data-start=\"1380\" data-end=\"1497\">\n<li data-start=\"1380\" data-end=\"1414\">\n<p data-start=\"1382\" data-end=\"1414\">~<strong data-start=\"1383\" data-end=\"1393\">24 min<\/strong> com bateria padr\u00e3o<\/p>\n<\/li>\n<li data-start=\"1415\" data-end=\"1497\">\n<p data-start=\"1417\" data-end=\"1497\">~<strong data-start=\"1418\" data-end=\"1428\">39 min<\/strong> com bateria de alta capacidade<\/p>\n<\/li>\n<\/ul>\n<p data-start=\"1499\" data-end=\"1523\">\ud83d\udccd <strong data-start=\"1502\" data-end=\"1521\">Alcance de voo:<\/strong><\/p>\n<ul data-start=\"1524\" data-end=\"1672\">\n<li data-start=\"1524\" data-end=\"1579\">\n<p data-start=\"1526\" data-end=\"1579\">Aproximadamente <strong data-start=\"1542\" data-end=\"1558\">13 km (8 mi)<\/strong> com bateria padr\u00e3o<\/p>\n<\/li>\n<li data-start=\"1580\" data-end=\"1672\">\n<p data-start=\"1582\" data-end=\"1672\">At\u00e9 <strong data-start=\"1586\" data-end=\"1603\">23 km (14 mi)<\/strong> com bateria de alta capacidade<\/p>\n<\/li>\n<\/ul>\n<p data-start=\"1674\" data-end=\"1855\">\ud83d\udca8 <strong data-start=\"1677\" data-end=\"1699\">Velocidade m\u00e1xima:<\/strong> ~<strong data-start=\"1701\" data-end=\"1722\">35,8 mph \/ 16 m\/s<\/strong> <br data-start=\"1762\" data-end=\"1765\" \/>\ud83c\udf2c\ufe0f <strong data-start=\"1769\" data-end=\"1794\">Resist\u00eancia ao vento:<\/strong> ~24 mph \/ 10.7 m\/s<\/p>\n<hr data-start=\"1857\" data-end=\"1860\" \/>\n<h2 data-start=\"1862\" data-end=\"1892\">\ud83d\udce1 Conectividade e Controle<\/h2>\n<p data-start=\"1894\" data-end=\"1921\">\u2708\ufe0f <strong data-start=\"1897\" data-end=\"1919\">Controle intuitivo<\/strong><\/p>\n<ul data-start=\"1922\" data-end=\"2043\">\n<li data-start=\"1922\" data-end=\"2043\">\n<p data-start=\"1924\" data-end=\"2043\">Usa um <strong data-start=\"1931\" data-end=\"1950\">Grip controller<\/strong> que interpreta gestos e movimentos da m\u00e3o para voar.<\/p>\n<\/li>\n<\/ul>\n<p data-start=\"2045\" data-end=\"2084\">\ud83e\udd7d <strong data-start=\"2048\" data-end=\"2082\">Vision Goggles (\u00f3culos VR\/FPV)<\/strong><\/p>\n<ul data-start=\"2085\" data-end=\"2231\">\n<li data-start=\"2085\" data-end=\"2231\">\n<p data-start=\"2087\" data-end=\"2231\">Vis\u00e3o em 360\u00b0 em tempo real com rastreamento de cabe\u00e7a \u2014 permite olhar em qualquer dire\u00e7\u00e3o enquanto voa.<\/p>\n<\/li>\n<\/ul>\n<p data-start=\"2233\" data-end=\"2263\">\ud83d\udcf6 <strong data-start=\"2236\" data-end=\"2261\">Transmiss\u00e3o de v\u00eddeo:<\/strong><\/p>\n<ul data-start=\"2264\" data-end=\"2392\">\n<li data-start=\"2264\" data-end=\"2392\">\n<p data-start=\"2266\" data-end=\"2392\">Alcance estimado de at\u00e9 <strong data-start=\"2290\" data-end=\"2308\">6.2 mi \/ 10 km<\/strong> sem interfer\u00eancia (pode variar por regi\u00e3o).<\/p>\n<\/li>\n<\/ul>\n<p data-start=\"2394\" data-end=\"2416\">\ud83d\udce6 <strong data-start=\"2397\" data-end=\"2414\">Armazenamento<\/strong><\/p>\n<ul data-start=\"2417\" data-end=\"2513\">\n<li data-start=\"2417\" data-end=\"2513\">\n<p data-start=\"2419\" data-end=\"2513\"><strong data-start=\"2419\" data-end=\"2428\">20 GB<\/strong> interno + suporte a <strong data-start=\"2449\" data-end=\"2472\">microSD de at\u00e9 1 TB<\/strong>.<\/p>\n<\/li>\n<\/ul>\n<hr data-start=\"2515\" data-end=\"2518\" \/>\n<h2 data-start=\"2520\" data-end=\"2562\">\ud83e\udde0 Recursos Inteligentes e de Seguran\u00e7a<\/h2>\n<p data-start=\"2564\" data-end=\"2600\">\ud83e\udded <strong data-start=\"2567\" data-end=\"2598\">Sensores e Obstacle Sensing<\/strong><\/p>\n<ul data-start=\"2601\" data-end=\"2760\">\n<li data-start=\"2601\" data-end=\"2760\">\n<p data-start=\"2603\" data-end=\"2760\">Sensores frontais e inferiores com vis\u00e3o binocular e infravermelho 3D para evitar obst\u00e1culos e melhorar estabilidade.<\/p>\n<\/li>\n<\/ul>\n<p data-start=\"2762\" data-end=\"2796\">\ud83c\udfe0 <strong data-start=\"2765\" data-end=\"2794\">Return-to-Home autom\u00e1tico<\/strong><\/p>\n<ul data-start=\"2797\" data-end=\"2915\">\n<li data-start=\"2797\" data-end=\"2915\">\n<p data-start=\"2799\" data-end=\"2915\">Fun\u00e7\u00e3o de retorno seguro caso a bateria esteja baixa ou haja perda de sinal.<\/p>\n<\/li>\n<\/ul>\n<p data-start=\"2917\" data-end=\"2943\">\u26a0\ufe0f <strong data-start=\"2920\" data-end=\"2941\">Payload Detection<\/strong><\/p>\n<ul data-start=\"2944\" data-end=\"3068\">\n<li data-start=\"2944\" data-end=\"3068\">\n<p data-start=\"2946\" data-end=\"3068\">Detecta peso extra ou modifica\u00e7\u00f5es indevidas para manter seguran\u00e7a e conformidade.<\/p>\n<\/li>\n<\/ul>\n<hr data-start=\"3070\" data-end=\"3073\" \/>\n<h2 data-start=\"3075\" data-end=\"3107\">\u2728 Modos de Voo e Criatividade<\/h2>\n<p data-start=\"3109\" data-end=\"3126\">\ud83d\ude81 <strong data-start=\"3112\" data-end=\"3124\">Sky Path<\/strong><\/p>\n<ul data-start=\"3127\" data-end=\"3240\">\n<li data-start=\"3127\" data-end=\"3240\">\n<p data-start=\"3129\" data-end=\"3240\">Faz o drone percorrer automaticamente um trajeto definido pelo usu\u00e1rio.<\/p>\n<\/li>\n<\/ul>\n<p data-start=\"3242\" data-end=\"3260\">\ud83c\udfaf <strong data-start=\"3245\" data-end=\"3258\">Sky Genie<\/strong><\/p>\n<ul data-start=\"3261\" data-end=\"3398\">\n<li data-start=\"3261\" data-end=\"3398\">\n<p data-start=\"3263\" data-end=\"3398\">Movimentos automatizados como \u00f3rbita, espiral, transporte de cena cinematogr\u00e1fica com um toque.<\/p>\n<\/li>\n<\/ul>\n<p data-start=\"3400\" data-end=\"3419\">\ud83c\udfa5 <strong data-start=\"3403\" data-end=\"3417\">Deep Track<\/strong><\/p>\n<ul data-start=\"3420\" data-end=\"3542\">\n<li data-start=\"3420\" data-end=\"3542\">\n<p data-start=\"3422\" data-end=\"3542\">Rastreamento inteligente de objetos ou pessoas em movimento com foco autom\u00e1tico.<\/p>\n<\/li>\n<\/ul>\n<p data-start=\"3544\" data-end=\"3581\">\ud83c\udf00 <strong data-start=\"3547\" data-end=\"3579\">Tiny Planet &amp; Outras Edi\u00e7\u00f5es<\/strong><\/p>\n<ul data-start=\"3582\" data-end=\"3721\">\n<li data-start=\"3582\" data-end=\"3721\">\n<p data-start=\"3584\" data-end=\"3721\">Efeitos criativos durante a p\u00f3s-produ\u00e7\u00e3o permitem estilos cinematogr\u00e1ficos e perspectivas \u00fanicas.<\/p>\n<\/li>\n<\/ul>\n<p data-start=\"3723\" data-end=\"3756\">\ud83d\udcca <strong data-start=\"3726\" data-end=\"3754\">Fluxo criativo otimizado<\/strong><\/p>\n<ul data-start=\"3757\" data-end=\"3912\">\n<li data-start=\"3757\" data-end=\"3912\">\n<p data-start=\"3759\" data-end=\"3912\">Aplicativo e software de edi\u00e7\u00e3o dedicados facilitam corte, reframing, tracking e exporta\u00e7\u00e3o dos melhores \u00e2ngulos.<\/p>\n<\/li>\n<\/ul>\n<hr data-start=\"3914\" data-end=\"3917\" \/>\n<h2 data-start=\"3919\" data-end=\"3950\">\ud83e\udde0 Experi\u00eancia e Usabilidade<\/h2>\n<p data-start=\"3952\" data-end=\"3999\">\ud83d\udc76 <strong data-start=\"3955\" data-end=\"3997\">Piloto acess\u00edvel mesmo para iniciantes<\/strong><\/p>\n<ul data-start=\"4000\" data-end=\"4118\">\n<li data-start=\"4000\" data-end=\"4118\">\n<p data-start=\"4002\" data-end=\"4118\">O sistema de \u201cpoint-to-fly\u201d reduz a curva de aprendizado para novos pilotos.<\/p>\n<\/li>\n<\/ul>\n<p data-start=\"4120\" data-end=\"4153\">\ud83c\udfae <strong data-start=\"4123\" data-end=\"4151\">Headset-First Experience<\/strong><\/p>\n<ul data-start=\"4154\" data-end=\"4281\">\n<li data-start=\"4154\" data-end=\"4281\">\n<p data-start=\"4156\" data-end=\"4281\">Os \u00f3culos s\u00e3o parte central da experi\u00eancia de voo, criando sensa\u00e7\u00e3o de imers\u00e3o total.<\/p>\n<\/li>\n<\/ul>\n<p data-start=\"4283\" data-end=\"4331\">\ud83d\udccd <strong data-start=\"4286\" data-end=\"4329\">Design retr\u00e1til de trem de aterrissagem<\/strong><\/p>\n<ul data-start=\"4332\" data-end=\"4468\">\n<li data-start=\"4332\" data-end=\"4468\">\n<p data-start=\"4334\" data-end=\"4468\">Permite que as lentes de 360\u00b0 fiquem livres durante o voo, sem linhas de costura ou obstru\u00e7\u00e3o.<\/p>\n<\/li>\n<\/ul>\n<hr data-start=\"4470\" data-end=\"4473\" \/>\n<h2 data-start=\"4475\" data-end=\"4500\">\ud83e\udde9 Extras e Acess\u00f3rios<\/h2>\n<p data-start=\"4502\" data-end=\"4530\">\ud83c\udf81 <strong data-start=\"4505\" data-end=\"4530\">Bundles de lan\u00e7amento<\/strong><\/p>\n<ul data-start=\"4531\" data-end=\"4681\">\n<li data-start=\"4531\" data-end=\"4681\">\n<p data-start=\"4533\" data-end=\"4681\">Pode vir com pacotes como \u201cExplorer Bundle\u201d ou \u201cInfinity Bundle\u201d com acess\u00f3rios extras dependendo da regi\u00e3o.<\/p>\n<\/li>\n<\/ul>\n<p data-start=\"4683\" data-end=\"4715\">\ud83d\udd0c <strong data-start=\"4686\" data-end=\"4713\">Carregador recomendado:<\/strong><\/p>\n<ul data-start=\"4716\" data-end=\"4816\">\n<li data-start=\"4716\" data-end=\"4816\">\n<p data-start=\"4718\" data-end=\"4816\">Carregador r\u00e1pido <strong data-start=\"4736\" data-end=\"4753\">65W GaN USB-C<\/strong> e hub de carregamento.<\/p>\n<\/li>\n<\/ul>\n<p data-start=\"4818\" data-end=\"4853\">\ud83d\udce6 <strong data-start=\"4821\" data-end=\"4851\">\u00d3culos com tela Micro-OLED<\/strong><\/p>\n<ul data-start=\"4854\" data-end=\"4982\">\n<li data-start=\"4854\" data-end=\"4982\">\n<p data-start=\"4856\" data-end=\"4982\">Resolu\u00e7\u00e3o 2560\u00d72560 com tecnologia que reduz luz azul, ajust\u00e1vel para conforto visual.<\/p>\n<\/li>\n<\/ul>\n<hr data-start=\"4984\" data-end=\"4987\" \/>\n<h2 data-start=\"4989\" data-end=\"5023\">\ud83d\udcc5 Lan\u00e7amento e Disponibilidade<\/h2>\n<p data-start=\"5025\" data-end=\"5133\">\ud83d\udcc6 <strong data-start=\"5028\" data-end=\"5058\">Data de lan\u00e7amento global:<\/strong> Previsto para <strong data-start=\"5073\" data-end=\"5092\">janeiro de 2026<\/strong><\/p>\n","protected":false},"excerpt":{"rendered":"<p>\ud83d\ude80 Antigravity A1 \u2014 O Primeiro Drone 360\u00b0 do Mundo \ud83c\udfa5 Captura de Imagem e V\u00eddeo \ud83d\udccd V\u00eddeo 360\u00b0 em at\u00e9 8K Grava\u00e7\u00e3o esf\u00e9rica completa em 360\u00b0 com resolu\u00e7\u00e3o 8K @ 30fps. Tamb\u00e9m suporta 5.2K @ 60fps e 4K @ 100fps para diferentes necessidades de edi\u00e7\u00e3o. \ud83d\udcf7 Fotos panor\u00e2micas e alta resolu\u00e7\u00e3o Imagens em at\u00e9 [&hellip;]<\/p>\n","protected":false},"featured_media":99,"comment_status":"open","ping_status":"closed","template":"","meta":[],"product_brand":[],"product_cat":[19],"product_tag":[21,20],"class_list":{"0":"post-88","1":"product","2":"type-product","3":"status-publish","4":"has-post-thumbnail","6":"product_cat-drone","7":"product_tag-antigravitya1","8":"product_tag-drones360","10":"first","11":"onbackorder","12":"shipping-taxable","13":"product-type-simple"},"_links":{"self":[{"href":"https:\/\/antigravity.net.br\/index.php?rest_route=\/wp\/v2\/product\/88","targetHints":{"allow":["GET"]}}],"collection":[{"href":"https:\/\/antigravity.net.br\/index.php?rest_route=\/wp\/v2\/product"}],"about":[{"href":"https:\/\/antigravity.net.br\/index.php?rest_route=\/wp\/v2\/types\/product"}],"replies":[{"embeddable":true,"href":"https:\/\/antigravity.net.br\/index.php?rest_route=%2Fwp%2Fv2%2Fcomments&post=88"}],"wp:featuredmedia":[{"embeddable":true,"href":"https:\/\/antigravity.net.br\/index.php?rest_route=\/wp\/v2\/media\/99"}],"wp:attachment":[{"href":"https:\/\/antigravity.net.br\/index.php?rest_route=%2Fwp%2Fv2%2Fmedia&parent=88"}],"wp:term":[{"taxonomy":"product_brand","embeddable":true,"href":"https:\/\/antigravity.net.br\/index.php?rest_route=%2Fwp%2Fv2%2Fproduct_brand&post=88"},{"taxonomy":"product_cat","embeddable":true,"href":"https:\/\/antigravity.net.br\/index.php?rest_route=%2Fwp%2Fv2%2Fproduct_cat&post=88"},{"taxonomy":"product_tag","embeddable":true,"href":"https:\/\/antigravity.net.br\/index.php?rest_route=%2Fwp%2Fv2%2Fproduct_tag&post=88"}],"curies":[{"name":"wp","href":"https:\/\/api.w.org\/{rel}","templated":true}]}}